{"id":202,"date":"2019-04-29T09:15:47","date_gmt":"2019-04-29T08:15:47","guid":{"rendered":"http:\/\/www.daf.uni-mannheim.de\/?page_id=202"},"modified":"2019-05-15T09:20:02","modified_gmt":"2019-05-15T08:20:02","slug":"test","status":"publish","type":"page","link":"https:\/\/www.daf.uni-mannheim.de\/index.php\/test\/","title":{"rendered":"test"},"content":{"rendered":"<p>[vc_row][vc_column width=&#8221;1\/6&#8243;][\/vc_column][vc_column width=&#8221;2\/3&#8243;][vc_row_inner equal_height=&#8221;yes&#8221; content_placement=&#8221;top&#8221; gap=&#8221;15&#8243;][vc_column_inner width=&#8221;1\/3&#8243; css=&#8221;.vc_custom_1556193128771{border: 1px solid #000000 !important;}&#8221;][vc_column_text]<\/p>\n<h2>Intensivkurse Deutsch<\/h2>\n<p>Unsere Kurse richten sich an Studienbewerber, Absolventen von Hochschulen sowie alle, die an der deutschen Sprache interessiert sind. Jeden Monat bieten wir Kurse auf allen Niveaustufen von A1,1 (Anf\u00e4nger) bis C1 (Fortgeschritten) an.[\/vc_column_text][vc_btn title=&#8221;Mehr erfahren&#8221; style=&#8221;gradient-custom&#8221; gradient_custom_color_1=&#8221;#ffcc00&#8243; gradient_custom_color_2=&#8221;&#8221; gradient_text_color=&#8221;#222d59&#8243; align=&#8221;left&#8221; custom_onclick=&#8221;true&#8221; custom_onclick_code=&#8221;window.location.href = &#8220;http:\/\/www.daf.uni-mannheim.de\/index.php\/intensivkurse\/&#8220;;&#8221;][\/vc_column_inner][vc_column_inner width=&#8221;1\/3&#8243; css=&#8221;.vc_custom_1556193192165{border: 1px solid #000000 !important;}&#8221;][vc_column_text]<\/p>\n<h2>Sommer- und Winterakademie<\/h2>\n<p>Kommunikation ist Trumpf! Bei der Internationalen Sommer- und Winterakademie erwarten Sie neben dem t\u00e4glichen Deutschunterricht interessante Seminare, Workshops und ein XXL-Freizeit-Angebot!<\/p>\n<p>&nbsp;[\/vc_column_text][vc_btn title=&#8221;Mehr erfahren&#8221; style=&#8221;gradient-custom&#8221; gradient_custom_color_1=&#8221;#ffcc00&#8243; gradient_custom_color_2=&#8221;&#8221; gradient_text_color=&#8221;#222d59&#8243; align=&#8221;left&#8221;][\/vc_column_inner][vc_column_inner width=&#8221;1\/3&#8243; css=&#8221;.vc_custom_1556193238053{border: 1px solid #000000 !important;}&#8221;][vc_column_text]<\/p>\n<h2>Pr\u00fcfungen: DSH und TestDaF<\/h2>\n<p>Sie m\u00f6chten in Deutschland studieren? Wir machen Sie fit f\u00fcr die Pr\u00fcfung in unseren DSH und TestDaF-Kursen. Wir sind registriertes bzw. lizenziertes Pr\u00fcfungszentrum f\u00fcr DSH &#8211; TestDaF &#8211; telc.<\/p>\n<p>&nbsp;[\/vc_column_text][vc_btn title=&#8221;Mehr erfahren&#8221; style=&#8221;gradient-custom&#8221; gradient_custom_color_1=&#8221;#ffcc00&#8243; gradient_custom_color_2=&#8221;&#8221; gradient_text_color=&#8221;#222d59&#8243; align=&#8221;left&#8221;][\/vc_column_inner][\/vc_row_inner][\/vc_column][vc_column width=&#8221;1\/6&#8243;][vc_row_inner][vc_column_inner][vc_empty_space][\/vc_column_inner][\/vc_row_inner][\/vc_column][vc_column][\/vc_column][\/vc_row][vc_row][vc_column][vc_row_inner css=&#8221;.vc_custom_1555576483339{background-color: #FFCC00 !important;}&#8221;][vc_column_inner width=&#8221;1\/6&#8243;][\/vc_column_inner][vc_column_inner width=&#8221;2\/3&#8243;][vc_column_text]<\/p>\n<h2>\u00dcberschrift<\/h2>\n<p>Ich bin ein Textblock. Klicken Sie auf den Bearbeiten Button um diesen Text zu \u00e4ndern. Lorem ipsum dolor sit amet, consectetur adipiscing elit. Ut elit tellus, luctus nec ullamcorper mattis, pulvinar dapibus leo.[\/vc_column_text][vc_btn style=&#8221;gradient-custom&#8221; gradient_custom_color_1=&#8221;#222d59&#8243; gradient_custom_color_2=&#8221;&#8221; align=&#8221;center&#8221;][\/vc_column_inner][vc_column_inner width=&#8221;1\/6&#8243;][\/vc_column_inner][\/vc_row_inner][\/vc_column][vc_column][vc_row_inner][vc_column_inner][vc_empty_space][\/vc_column_inner][\/vc_row_inner][\/vc_column][\/vc_row]<\/p>\n","protected":false},"excerpt":{"rendered":"<p>[vc_row][vc_column width=&#8221;1\/6&#8243;][\/vc_column][vc_column width=&#8221;2\/3&#8243;][vc_row_inner equal_height=&#8221;yes&#8221; content_placement=&#8221;top&#8221; gap=&#8221;15&#8243;][vc_column_inner width=&#8221;1\/3&#8243; css=&#8221;.vc_custom_1556193128771{border: 1px solid #000000 !important;}&#8221;][vc_column_text] Intensivkurse Deutsch Unsere Kurse richten sich an Studienbewerber, Absolventen von Hochschulen sowie alle, die an der deutschen Sprache interessiert sind. Jeden Monat bieten wir Kurse auf allen Niveaustufen von A1,1 (Anf\u00e4nger) bis C1 (Fortgeschritten) an.[\/vc_column_text][vc_btn title=&#8221;Mehr erfahren&#8221; style=&#8221;gradient-custom&#8221; gradient_custom_color_1=&#8221;#ffcc00&#8243; gradient_custom_color_2=&#8221;&#8221; gradient_text_color=&#8221;#222d59&#8243; align=&#8221;left&#8221; custom_onclick=&#8221;true&#8221; [&hellip;]<\/p>\n","protected":false},"author":1,"featured_media":0,"parent":0,"menu_order":0,"comment_status":"closed","ping_status":"closed","template":"page-fullwidth.php","meta":{"footnotes":""},"class_list":["post-202","page","type-page","status-publish","hentry"],"post_mailing_queue_ids":[],"_links":{"self":[{"href":"https:\/\/www.daf.uni-mannheim.de\/index.php\/wp-json\/wp\/v2\/pages\/202","targetHints":{"allow":["GET"]}}],"collection":[{"href":"https:\/\/www.daf.uni-mannheim.de\/index.php\/wp-json\/wp\/v2\/pages"}],"about":[{"href":"https:\/\/www.daf.uni-mannheim.de\/index.php\/wp-json\/wp\/v2\/types\/page"}],"author":[{"embeddable":true,"href":"https:\/\/www.daf.uni-mannheim.de\/index.php\/wp-json\/wp\/v2\/users\/1"}],"replies":[{"embeddable":true,"href":"https:\/\/www.daf.uni-mannheim.de\/index.php\/wp-json\/wp\/v2\/comments?post=202"}],"version-history":[{"count":4,"href":"https:\/\/www.daf.uni-mannheim.de\/index.php\/wp-json\/wp\/v2\/pages\/202\/revisions"}],"predecessor-version":[{"id":255,"href":"https:\/\/www.daf.uni-mannheim.de\/index.php\/wp-json\/wp\/v2\/pages\/202\/revisions\/255"}],"wp:attachment":[{"href":"https:\/\/www.daf.uni-mannheim.de\/index.php\/wp-json\/wp\/v2\/media?parent=202"}],"curies":[{"name":"wp","href":"https:\/\/api.w.org\/{rel}","templated":true}]}}