{"id":84,"date":"2019-04-04T08:28:49","date_gmt":"2019-04-04T07:28:49","guid":{"rendered":"http:\/\/www.daf.uni-mannheim.de\/?page_id=84"},"modified":"2024-09-12T14:31:33","modified_gmt":"2024-09-12T12:31:33","slug":"lageplan","status":"publish","type":"page","link":"https:\/\/www.daf.uni-mannheim.de\/index.php\/lageplan\/","title":{"rendered":"Lageplan"},"content":{"rendered":"<p>[vc_row][vc_column][vc_column_text]<div class=\"super-hero-big-wrapper super-hero-spinning\" style=\"\"><div class=\"shs-spinner-wrapper\"><div class=\"shs-spinner\"><\/div><\/div><div id=\"slider-278\" class=\"super-hero-slider shs-carousel button-square navigation-center dark-on-light\" style=\"\"><div id=\"slide-278-279\" class=\"super-hero-slide full-width\" style=\"\"><a class=\"super-hero-link\" href=\"https:\/\/www.daf.uni-mannheim.de\/\"><div class=\"super-hero-image\"><img decoding=\"async\" src=\"https:\/\/www.daf.uni-mannheim.de\/wp-content\/uploads\/2019\/05\/Header_Infos-1024x200.jpg\"><\/div><!-- .super-hero-image --><\/a><\/div><!-- .super-hero-slide --><\/div><!-- .super-hero-slider --><\/div><!-- .big --><script>jQuery(document).ready(function($){var shs278 = $(\"#slider-278\");\r\n\t\t\tshs278.imagesLoaded(function(){\r\n\t\t\t\tshs278.superHeroSlider({theme:\"shs-theme\",baseClass:\"shs-carousel\",singleItem:true,addClassActive:true,transitionStyle:\"backSlide\",autoPlay:false,navigation:true,navigationText:[\"<span class='dashicons dashicons-arrow-left'><\/span>\",\"<span class='dashicons dashicons-arrow-right'><\/span>\"],pagination:false,beforeInit:function(el){\r\n\t\t\t\t\t\tvar slides = el.find(\".super-hero-slide\").length;\r\n\t\t\t\t\t},afterInit:function(el){\r\n\t\t\t\t\t\tvar currentItem = el.find(\".shs-item.active\");\r\n\t\t\t\t\t\tvar itemID = \"#\"+currentItem.find(\".super-hero-slide\").attr(\"ID\");\r\n\t\t\t\t\t\tcurrentItem.find(\".super-hero-caption-wrapper\").addClass(\"fadeIn animated\");\r\n\t\t\t\t\t\tvar currentCaption1 = currentItem.find(\".caption-1\");\r\n\t\t\t\t\t\tvar captionAnimation1 = currentCaption1.data(\"animation\");\r\n\t\t\t\t\t\tcurrentCaption1.addClass(captionAnimation1 + \" animated\");\r\n\t\t\t\t\t\tvar currentCaption2 = currentItem.find(\".caption-2\");\r\n\t\t\t\t\t\tvar captionAnimation2 = currentCaption2.data(\"animation\");\r\n\t\t\t\t\t\tcurrentCaption2.addClass(captionAnimation2 + \" animated\");\r\n\t\t\t\t\t\tvar currentCaption3 = currentItem.find(\".caption-3\");\r\n\t\t\t\t\t\tvar captionAnimation3 = currentCaption3.data(\"animation\");\r\n\t\t\t\t\t\tcurrentCaption3.addClass(captionAnimation3 + \" animated\");\r\n\t\t\t\t\t\t\/\/ Clear any styles\r\n\t\t\t\t\t\tshs_resize_slide( itemID, currentItem );\r\n\t\t\t\t\t},beforeMove:function(el){\r\n\t\t\t\t\t\tvar oldItem = el.find(\".shs-item.active\");\r\n\t\t\t\t\t\tvar itemID = \"#\"+oldItem.find(\".super-hero-slide\").attr(\"ID\");\r\n\t\t\t\t\t\toldItem.find(\".super-hero-caption-wrapper\").removeClass(\"fadeIn animated\");\r\n\t\t\t\t\t\tvar oldCaption1 = oldItem.find(\".caption-1\");\r\n\t\t\t\t\t\tvar oldCaption2 = oldItem.find(\".caption-2\");\r\n\t\t\t\t\t\tvar oldCaption3 = oldItem.find(\".caption-3\");\r\n\t\t\t\t\t\tvar captionAnimation1 = oldCaption1.data(\"animation\");\r\n\t\t\t\t\t\toldCaption1.removeClass(captionAnimation1);\r\n\t\t\t\t\t\toldCaption1.removeClass(\"animated\");\r\n\t\t\t\t\t\tvar captionAnimation2 = oldCaption2.data(\"animation\");\r\n\t\t\t\t\t\toldCaption2.removeClass(captionAnimation2);\r\n\t\t\t\t\t\toldCaption2.removeClass(\"animated\");\r\n\t\t\t\t\t\tvar captionAnimation3 = oldCaption3.data(\"animation\");\r\n\t\t\t\t\t\toldCaption3.removeClass(captionAnimation3);\r\n\t\t\t\t\t\toldCaption3.removeClass(\"animated\");\r\n\t\t\t\t\t\t\/\/ Remove any styles we might have added in afterMove\r\n\t\t\t\t\t\t$(itemID+\" .super-hero-image img\").removeAttr(\"style\");\r\n\t\t\t\t\t},afterMove:function(el){\r\n\t\t\t\t\t\tvar newItem = el.find(\".shs-item.active\");\r\n\t\t\t\t\t\tvar itemID = \"#\"+newItem.find(\".super-hero-slide\").attr(\"ID\");\r\n\t\t\t\t\t\tnewItem.find(\".super-hero-caption-wrapper\").addClass(\"fadeIn animated\").css(\"animation-duration\",5);\r\n\t\t\t\t\t\tvar newCaption1 = newItem.find(\".caption-1\");\r\n\t\t\t\t\t\tvar newAnimation1 = newCaption1.data(\"animation\");\r\n\t\t\t\t\t\tnewCaption1.addClass(newAnimation1 + \" animated\");\r\n\t\t\t\t\t\tvar newCaption2 = newItem.find(\".caption-2\");\r\n\t\t\t\t\t\tvar newAnimation2 = newCaption2.data(\"animation\");\r\n\t\t\t\t\t\tnewCaption2.addClass(newAnimation2 + \" animated\");\r\n\t\t\t\t\t\tvar newCaption3 = newItem.find(\".caption-3\");\r\n\t\t\t\t\t\tvar newAnimation3 = newCaption3.data(\"animation\");\r\n\t\t\t\t\t\tnewCaption3.addClass(newAnimation3 + \" animated\");\r\n\t\t\t\t\t\t\/\/ Clear any styles\r\n\t\t\t\t\t\tshs_resize_slide( itemID, newItem );\r\n\t\t\t\t\t},});\r\n\t\t\t\t$(\".super-hero-big-wrapper\").removeClass(\"super-hero-spinning\");\r\n\t\t\t\t$(\".shs-spinner\").fadeOut(150,function(){\r\n\t\t\t\t\t$(this).remove();\r\n\t\t\t\t});\r\n\t\t\t\t$(\"body\").addClass(\"shs-loaded\");\r\n\t\t\t});\r\n\t\t\t$(window).resize(function(){\r\n\t\t\t\tshs278.data(\"superHeroSlider\").destroy();\r\n\t\t\t\tshs278.superHeroSlider({theme:\"shs-theme\",baseClass:\"shs-carousel\",singleItem:true,addClassActive:true,transitionStyle:\"backSlide\",autoPlay:false,navigation:true,navigationText:[\"<span class='dashicons dashicons-arrow-left'><\/span>\",\"<span class='dashicons dashicons-arrow-right'><\/span>\"],pagination:false,beforeInit:function(el){\r\n\t\t\t\t\t\tvar slides = el.find(\".super-hero-slide\").length;\r\n\t\t\t\t\t},afterInit:function(el){\r\n\t\t\t\t\t\tvar currentItem = el.find(\".shs-item.active\");\r\n\t\t\t\t\t\tvar itemID = \"#\"+currentItem.find(\".super-hero-slide\").attr(\"ID\");\r\n\t\t\t\t\t\tcurrentItem.find(\".super-hero-caption-wrapper\").addClass(\"fadeIn animated\");\r\n\t\t\t\t\t\tvar currentCaption1 = currentItem.find(\".caption-1\");\r\n\t\t\t\t\t\tvar captionAnimation1 = currentCaption1.data(\"animation\");\r\n\t\t\t\t\t\tcurrentCaption1.addClass(captionAnimation1 + \" animated\");\r\n\t\t\t\t\t\tvar currentCaption2 = currentItem.find(\".caption-2\");\r\n\t\t\t\t\t\tvar captionAnimation2 = currentCaption2.data(\"animation\");\r\n\t\t\t\t\t\tcurrentCaption2.addClass(captionAnimation2 + \" animated\");\r\n\t\t\t\t\t\tvar currentCaption3 = currentItem.find(\".caption-3\");\r\n\t\t\t\t\t\tvar captionAnimation3 = currentCaption3.data(\"animation\");\r\n\t\t\t\t\t\tcurrentCaption3.addClass(captionAnimation3 + \" animated\");\r\n\t\t\t\t\t\t\/\/ Clear any styles\r\n\t\t\t\t\t\tshs_resize_slide( itemID, currentItem );\r\n\t\t\t\t\t},beforeMove:function(el){\r\n\t\t\t\t\t\tvar oldItem = el.find(\".shs-item.active\");\r\n\t\t\t\t\t\tvar itemID = \"#\"+oldItem.find(\".super-hero-slide\").attr(\"ID\");\r\n\t\t\t\t\t\toldItem.find(\".super-hero-caption-wrapper\").removeClass(\"fadeIn animated\");\r\n\t\t\t\t\t\tvar oldCaption1 = oldItem.find(\".caption-1\");\r\n\t\t\t\t\t\tvar oldCaption2 = oldItem.find(\".caption-2\");\r\n\t\t\t\t\t\tvar oldCaption3 = oldItem.find(\".caption-3\");\r\n\t\t\t\t\t\tvar captionAnimation1 = oldCaption1.data(\"animation\");\r\n\t\t\t\t\t\toldCaption1.removeClass(captionAnimation1);\r\n\t\t\t\t\t\toldCaption1.removeClass(\"animated\");\r\n\t\t\t\t\t\tvar captionAnimation2 = oldCaption2.data(\"animation\");\r\n\t\t\t\t\t\toldCaption2.removeClass(captionAnimation2);\r\n\t\t\t\t\t\toldCaption2.removeClass(\"animated\");\r\n\t\t\t\t\t\tvar captionAnimation3 = oldCaption3.data(\"animation\");\r\n\t\t\t\t\t\toldCaption3.removeClass(captionAnimation3);\r\n\t\t\t\t\t\toldCaption3.removeClass(\"animated\");\r\n\t\t\t\t\t\t\/\/ Remove any styles we might have added in afterMove\r\n\t\t\t\t\t\t$(itemID+\" .super-hero-image img\").removeAttr(\"style\");\r\n\t\t\t\t\t},afterMove:function(el){\r\n\t\t\t\t\t\tvar newItem = el.find(\".shs-item.active\");\r\n\t\t\t\t\t\tvar itemID = \"#\"+newItem.find(\".super-hero-slide\").attr(\"ID\");\r\n\t\t\t\t\t\tnewItem.find(\".super-hero-caption-wrapper\").addClass(\"fadeIn animated\").css(\"animation-duration\",5);\r\n\t\t\t\t\t\tvar newCaption1 = newItem.find(\".caption-1\");\r\n\t\t\t\t\t\tvar newAnimation1 = newCaption1.data(\"animation\");\r\n\t\t\t\t\t\tnewCaption1.addClass(newAnimation1 + \" animated\");\r\n\t\t\t\t\t\tvar newCaption2 = newItem.find(\".caption-2\");\r\n\t\t\t\t\t\tvar newAnimation2 = newCaption2.data(\"animation\");\r\n\t\t\t\t\t\tnewCaption2.addClass(newAnimation2 + \" animated\");\r\n\t\t\t\t\t\tvar newCaption3 = newItem.find(\".caption-3\");\r\n\t\t\t\t\t\tvar newAnimation3 = newCaption3.data(\"animation\");\r\n\t\t\t\t\t\tnewCaption3.addClass(newAnimation3 + \" animated\");\r\n\t\t\t\t\t\t\/\/ Clear any styles\r\n\t\t\t\t\t\tshs_resize_slide( itemID, newItem );\r\n\t\t\t\t\t},});\r\n\t\t\t});});<\/script>[\/vc_column_text][vc_row_inner el_class=&#8221;navrow&#8221;][vc_column_inner width=&#8221;1\/6&#8243;][\/vc_column_inner][vc_column_inner width=&#8221;2\/3&#8243;][vc_column_text]<div id=\"mega-menu-wrap-max_mega_menu_1\" class=\"mega-menu-wrap\"><div class=\"mega-menu-toggle\"><div class=\"mega-toggle-blocks-left\"><\/div><div class=\"mega-toggle-blocks-center\"><\/div><div class=\"mega-toggle-blocks-right\"><div class='mega-toggle-block mega-menu-toggle-block mega-toggle-block-1' id='mega-toggle-block-1' tabindex='0'><span class='mega-toggle-label' role='button' aria-expanded='false'><span class='mega-toggle-label-closed'>MENU<\/span><span class='mega-toggle-label-open'>MENU<\/span><\/span><\/div><\/div><\/div><ul id=\"mega-menu-max_mega_menu_1\" class=\"mega-menu max-mega-menu mega-menu-horizontal mega-no-js\" data-event=\"hover_intent\" data-effect=\"fade_up\" data-effect-speed=\"200\" data-effect-mobile=\"disabled\" data-effect-speed-mobile=\"0\" data-mobile-force-width=\"false\" data-second-click=\"go\" data-document-click=\"collapse\" data-vertical-behaviour=\"standard\" data-breakpoint=\"600\" data-unbind=\"true\" data-mobile-state=\"collapse_all\" data-mobile-direction=\"vertical\" data-hover-intent-timeout=\"300\" data-hover-intent-interval=\"100\"><li class=\"mega-menu-item mega-menu-item-type-custom mega-menu-item-object-custom mega-menu-item-home mega-menu-item-has-children mega-align-bottom-left mega-menu-flyout mega-menu-item-37 menu-item\" id=\"mega-menu-item-37\"><a class=\"mega-menu-link\" href=\"https:\/\/www.daf.uni-mannheim.de\/#angebot\" aria-expanded=\"false\" tabindex=\"0\">Deutschkurse<span class=\"mega-indicator\" aria-hidden=\"true\"><\/span><\/a>\n<ul class=\"mega-sub-menu\">\n<li class=\"mega-menu-item mega-menu-item-type-post_type mega-menu-item-object-page mega-menu-item-3510 menu-item\" id=\"mega-menu-item-3510\"><a class=\"mega-menu-link\" href=\"https:\/\/www.daf.uni-mannheim.de\/index.php\/intensivkurse\/\">Intensiv-Kurse<\/a><\/li><li class=\"mega-menu-item mega-menu-item-type-post_type mega-menu-item-object-page mega-menu-item-3110 menu-item\" id=\"mega-menu-item-3110\"><a class=\"mega-menu-link\" href=\"https:\/\/www.daf.uni-mannheim.de\/index.php\/telc\/\">telc<\/a><\/li><li class=\"mega-menu-item mega-menu-item-type-post_type mega-menu-item-object-page mega-menu-item-3198 menu-item\" id=\"mega-menu-item-3198\"><a class=\"mega-menu-link\" href=\"https:\/\/www.daf.uni-mannheim.de\/index.php\/dsh-kurse\/\">DSH-Kurse<\/a><\/li><li class=\"mega-menu-item mega-menu-item-type-post_type mega-menu-item-object-page mega-menu-item-3558 menu-item\" id=\"mega-menu-item-3558\"><a class=\"mega-menu-link\" href=\"https:\/\/www.daf.uni-mannheim.de\/index.php\/abendkurse\/\">Abendkurse<\/a><\/li><li class=\"mega-menu-item mega-menu-item-type-post_type mega-menu-item-object-page mega-menu-item-3607 menu-item\" id=\"mega-menu-item-3607\"><a class=\"mega-menu-link\" href=\"https:\/\/www.daf.uni-mannheim.de\/index.php\/winterakademie\/\">Winterakademie (IWA)<\/a><\/li><li class=\"mega-menu-item mega-menu-item-type-post_type mega-menu-item-object-page mega-menu-item-4312 menu-item\" id=\"mega-menu-item-4312\"><a class=\"mega-menu-link\" href=\"https:\/\/www.daf.uni-mannheim.de\/index.php\/sommerakademie-2\/\">Sommerakademie (ISA) im Juli<\/a><\/li><li class=\"mega-menu-item mega-menu-item-type-post_type mega-menu-item-object-page mega-menu-item-107 menu-item\" id=\"mega-menu-item-107\"><a class=\"mega-menu-link\" href=\"https:\/\/www.daf.uni-mannheim.de\/index.php\/sommerakademie\/\">Sommerakademie (ISA) im August<\/a><\/li><li class=\"mega-menu-item mega-menu-item-type-post_type mega-menu-item-object-page mega-menu-item-113 menu-item\" id=\"mega-menu-item-113\"><a class=\"mega-menu-link\" href=\"https:\/\/www.daf.uni-mannheim.de\/index.php\/sonderprogramme\/\">Individuelle Sonderprogramme<\/a><\/li><\/ul>\n<\/li><li class=\"mega-menu-item mega-menu-item-type-custom mega-menu-item-object-custom mega-menu-item-has-children mega-align-bottom-left mega-menu-flyout mega-menu-item-44 menu-item\" id=\"mega-menu-item-44\"><a class=\"mega-menu-link\" href=\"#\" aria-expanded=\"false\" tabindex=\"0\">Pr\u00fcfungen<span class=\"mega-indicator\" aria-hidden=\"true\"><\/span><\/a>\n<ul class=\"mega-sub-menu\">\n<li class=\"mega-menu-item mega-menu-item-type-post_type mega-menu-item-object-page mega-menu-item-3109 menu-item\" id=\"mega-menu-item-3109\"><a class=\"mega-menu-link\" href=\"https:\/\/www.daf.uni-mannheim.de\/index.php\/telc\/\">telc<\/a><\/li><li class=\"mega-menu-item mega-menu-item-type-post_type mega-menu-item-object-page mega-menu-item-3688 menu-item\" id=\"mega-menu-item-3688\"><a class=\"mega-menu-link\" href=\"https:\/\/www.daf.uni-mannheim.de\/index.php\/dsh\/\">DSH-Pr\u00fcfung<\/a><\/li><\/ul>\n<\/li><li class=\"mega-menu-item mega-menu-item-type-custom mega-menu-item-object-custom mega-menu-item-has-children mega-align-bottom-left mega-menu-flyout mega-menu-item-45 menu-item\" id=\"mega-menu-item-45\"><a class=\"mega-menu-link\" href=\"https:\/\/www.daf.uni-mannheim.de\/index.php\/infos\/\" aria-expanded=\"false\" tabindex=\"0\">Weitere Informationen<span class=\"mega-indicator\" aria-hidden=\"true\"><\/span><\/a>\n<ul class=\"mega-sub-menu\">\n<li class=\"mega-menu-item mega-menu-item-type-custom mega-menu-item-object-custom mega-menu-item-3690 menu-item\" id=\"mega-menu-item-3690\"><a class=\"mega-menu-link\" href=\"https:\/\/www.daf.uni-mannheim.de\/index.php\/infos\/#top\">\u00dcbersicht<\/a><\/li><li class=\"mega-menu-item mega-menu-item-type-custom mega-menu-item-object-custom mega-menu-item-3691 menu-item\" id=\"mega-menu-item-3691\"><a class=\"mega-menu-link\" href=\"https:\/\/www.daf.uni-mannheim.de\/index.php\/infos\/#mannheim\">Mannheim<\/a><\/li><li class=\"mega-menu-item mega-menu-item-type-custom mega-menu-item-object-custom mega-menu-item-3692 menu-item\" id=\"mega-menu-item-3692\"><a class=\"mega-menu-link\" href=\"https:\/\/www.daf.uni-mannheim.de\/index.php\/infos\/#visa\">Visa<\/a><\/li><li class=\"mega-menu-item mega-menu-item-type-custom mega-menu-item-object-custom mega-menu-item-3693 menu-item\" id=\"mega-menu-item-3693\"><a class=\"mega-menu-link\" href=\"https:\/\/www.daf.uni-mannheim.de\/index.php\/infos\/#accom\">Unterkunft<\/a><\/li><li class=\"mega-menu-item mega-menu-item-type-custom mega-menu-item-object-custom mega-menu-item-3694 menu-item\" id=\"mega-menu-item-3694\"><a class=\"mega-menu-link\" href=\"https:\/\/www.daf.uni-mannheim.de\/index.php\/infos\/#travel\">Anreise<\/a><\/li><li class=\"mega-menu-item mega-menu-item-type-custom mega-menu-item-object-custom mega-menu-item-3695 menu-item\" id=\"mega-menu-item-3695\"><a class=\"mega-menu-link\" href=\"https:\/\/www.daf.uni-mannheim.de\/index.php\/infos\/#map\">Lageplan<\/a><\/li><\/ul>\n<\/li><\/ul><\/div>[\/vc_column_text][\/vc_column_inner][vc_column_inner width=&#8221;1\/6&#8243;][\/vc_column_inner][\/vc_row_inner][\/vc_column][\/vc_row][vc_row][vc_column width=&#8221;1\/6&#8243;][\/vc_column][vc_column width=&#8221;2\/3&#8243;][vc_row_inner][vc_column_inner width=&#8221;1\/2&#8243;][vc_column_text]<\/p>\n<h2><strong>Lageplan<\/strong><\/h2>\n<p>Alle R\u00e4ume, in denen unsere Kurse und Pr\u00fcfungen stattfinden, liegen zentral in der Mannheimer Innenstadt in unmittelbarer N\u00e4he zur Universit\u00e4t Mannheim. Viele R\u00e4ume befinden sich direkt im <strong><a href=\"https:\/\/www.schloss-mannheim.de\/start\/\" target=\"_blank\" rel=\"noopener\">Schloss Mannheim<\/a>.<\/strong><\/p>\n<p>Zur besseren Orientierung finden Sie hier unseren Lageplan mit allen wichtigen Geb\u00e4uden und R\u00e4umlichkeiten.[\/vc_column_text][\/vc_column_inner][vc_column_inner width=&#8221;1\/2&#8243;][\/vc_column_inner][\/vc_row_inner][\/vc_column][vc_column width=&#8221;1\/6&#8243;][\/vc_column][\/vc_row][vc_row css=&#8221;.vc_custom_1582016380971{background-color: #ffcc00 !important;}&#8221;][vc_column width=&#8221;1\/6&#8243;][\/vc_column][vc_column width=&#8221;2\/3&#8243;][vc_column_text]<\/p>\n<h2 style=\"text-align: center;\">Sie haben sich verlaufen und finden Ihren Kursraum nicht?<\/h2>\n<p style=\"text-align: center;\">Dann kommen Sie bitte in das DaF-B\u00fcro in L9,7 vorbei oder rufen Sie uns an: 0621\/ 181 &#8211; 3308 oder -3347<\/p>\n<p>[\/vc_column_text][\/vc_column][vc_column width=&#8221;1\/6&#8243;][\/vc_column][\/vc_row][vc_row][vc_column width=&#8221;1\/6&#8243;][\/vc_column][vc_column width=&#8221;2\/3&#8243; el_class=&#8221;vc_col-sm-10&#8243;][vc_single_image image=&#8221;2936&#8243; img_size=&#8221;full&#8221; alignment=&#8221;center&#8221;][vc_column_text]Hier finden Sie unseren Lageplan als <a href=\"https:\/\/www.daf.uni-mannheim.de\/wp-content\/uploads\/2024\/09\/DaF-Lageplan-2024.pdf\" target=\"_blank\" rel=\"noopener\"><strong>PDF zum Download.<\/strong> <\/a>[\/vc_column_text][vc_separator border_width=&#8221;4&#8243;][vc_gmaps link=&#8221;#E-8_JTNDaWZyYW1lJTIwc3JjJTNEJTIyaHR0cHMlM0ElMkYlMkZ3d3cuZ29vZ2xlLmNvbSUyRm1hcHMlMkZlbWJlZCUzRnBiJTNEJTIxMW0xOCUyMTFtMTIlMjExbTMlMjExZDI1OTIuMTIyOTY2MzU2MTUlMjEyZDguNDY1NjQ5ODUwOTAxMjI0JTIxM2Q0OS40ODIxODQxNjQ0MzQ1NjQlMjEybTMlMjExZjAlMjEyZjAlMjEzZjAlMjEzbTIlMjExaTEwMjQlMjEyaTc2OCUyMTRmMTMuMSUyMTNtMyUyMTFtMiUyMTFzMHg0Nzk3Y2MxOGI4ODliOWNmJTI1M0EweDg2MTcxNDBiNmY1NzhjNzAlMjEyc1VuaXZlcnNpdCUyNUMzJTI1QTR0JTJCTWFubmhlaW0lMkJTZXJ2aWNlJTJCdW5kJTJCTWFya2V0aW5nJTJCR21iSCUyMTVlMCUyMTNtMiUyMTFzZGUlMjEyc2RlJTIxNHYxNTU5ODE0MjI3MzIzJTIxNW0yJTIxMXNkZSUyMTJzZGUlMjIlMjB3aWR0aCUzRCUyMjYwMCUyMiUyMGhlaWdodCUzRCUyMjQ1MCUyMiUyMGZyYW1lYm9yZGVyJTNEJTIyMCUyMiUyMHN0eWxlJTNEJTIyYm9yZGVyJTNBMCUyMiUyMGFsbG93ZnVsbHNjcmVlbiUzRSUzQyUyRmlmcmFtZSUzRQ==&#8221;][\/vc_column][vc_column width=&#8221;1\/6&#8243; el_class=&#8221;vc_col-sm-1&#8243;][\/vc_column][\/vc_row][vc_row css=&#8221;.vc_custom_1545098255217{background-color: #ebebeb !important;}&#8221;][vc_column width=&#8221;1\/6&#8243;][\/vc_column][vc_column width=&#8221;2\/3&#8243;][vc_row_inner][vc_column_inner width=&#8221;1\/3&#8243;][vc_column_text]<\/p>\n<h2>Allgemeines<\/h2>\n<p><a href=\"http:\/\/www.daf.uni-mannheim.de\/index.php\/kontakt\/\">Kontakt<\/a><br \/>\n<a href=\"http:\/\/www.daf.uni-mannheim.de\/index.php\/faqs\/\">FAQs<\/a><br \/>\n<a href=\"http:\/\/www.daf.uni-mannheim.de\/index.php\/visa\/\">Infos zum Visum<\/a><br \/>\n<a href=\"http:\/\/www.daf.uni-mannheim.de\/index.php\/lageplan\/\">Lageplan<\/a><br \/>\n<a href=\"http:\/\/www.daf.uni-mannheim.de\/index.php\/bankverbindung\/\">Bankverbindung<\/a><br \/>\n<a href=\"https:\/\/www.service.uni-mannheim.de\/index.php\/datenschutz\/\">Datenschutz<\/a><br \/>\n<a href=\"https:\/\/www.daf.uni-mannheim.de\/index.php\/agb\/\">AGB<\/a><br \/>\n<a href=\"http:\/\/www.daf.uni-mannheim.de\/index.php\/impressum\/\">Impressum<\/a>[\/vc_column_text][\/vc_column_inner][vc_column_inner width=&#8221;1\/3&#8243;][vc_column_text]<\/p>\n<h2>Pr\u00fcfungen<\/h2>\n<p><a href=\"http:\/\/www.daf.uni-mannheim.de\/index.php\/dsh\/\">DSH<\/a><br \/>\n<a href=\"http:\/\/www.daf.uni-mannheim.de\/index.php\/telc\/\">telc<\/a><br \/>\n<a href=\"http:\/\/www.daf.uni-mannheim.de\/index.php\/testdaf\/\">TestDaF<\/a>[\/vc_column_text][\/vc_column_inner][vc_column_inner width=&#8221;1\/3&#8243;][vc_column_text]<\/p>\n<h2>Deutschkurse<\/h2>\n<p><a href=\"http:\/\/www.daf.uni-mannheim.de\/index.php\/intensivkurse\/\">Intensivkurse<\/a><br \/>\n<a href=\"http:\/\/www.daf.uni-mannheim.de\/index.php\/dshkurse\/\">DSH<\/a><br \/>\n<a href=\"http:\/\/www.daf.uni-mannheim.de\/index.php\/sommerakademie\/\">Sommerakademie<\/a><br \/>\n<a href=\"http:\/\/www.daf.uni-mannheim.de\/index.php\/winterakademie\/\">Winterakademie<\/a><br \/>\n<a href=\"http:\/\/www.daf.uni-mannheim.de\/index.php\/sonderprogramme\/\">Sonderprogramme<\/a><br \/>\n<a href=\"http:\/\/www.daf.uni-mannheim.de\/index.php\/abendkurse\/\">Abendkurse f\u00fcr Akademiker<\/a>[\/vc_column_text][\/vc_column_inner][\/vc_row_inner][\/vc_column][vc_column width=&#8221;1\/6&#8243;][\/vc_column][\/vc_row]<\/p>\n","protected":false},"excerpt":{"rendered":"<p>[vc_row][vc_column][vc_column_text][\/vc_column_text][vc_row_inner el_class=&#8221;navrow&#8221;][vc_column_inner width=&#8221;1\/6&#8243;][\/vc_column_inner][vc_column_inner width=&#8221;2\/3&#8243;][vc_column_text][\/vc_column_text][\/vc_column_inner][vc_column_inner width=&#8221;1\/6&#8243;][\/vc_column_inner][\/vc_row_inner][\/vc_column][\/vc_row][vc_row][vc_column width=&#8221;1\/6&#8243;][\/vc_column][vc_column width=&#8221;2\/3&#8243;][vc_row_inner][vc_column_inner width=&#8221;1\/2&#8243;][vc_column_text] Lageplan Alle R\u00e4ume, in denen unsere Kurse und Pr\u00fcfungen stattfinden, liegen zentral in der Mannheimer Innenstadt in unmittelbarer N\u00e4he zur Universit\u00e4t Mannheim. Viele R\u00e4ume befinden sich direkt im Schloss Mannheim. Zur besseren Orientierung finden Sie hier unseren Lageplan mit allen wichtigen Geb\u00e4uden und R\u00e4umlichkeiten.[\/vc_column_text][\/vc_column_inner][vc_column_inner width=&#8221;1\/2&#8243;][\/vc_column_inner][\/vc_row_inner][\/vc_column][vc_column width=&#8221;1\/6&#8243;][\/vc_column][\/vc_row][vc_row css=&#8221;.vc_custom_1582016380971{background-color: [&hellip;]<\/p>\n","protected":false},"author":1,"featured_media":0,"parent":0,"menu_order":0,"comment_status":"closed","ping_status":"closed","template":"page-fullwidth.php","meta":{"footnotes":""},"class_list":["post-84","page","type-page","status-publish","hentry"],"post_mailing_queue_ids":[],"_links":{"self":[{"href":"https:\/\/www.daf.uni-mannheim.de\/index.php\/wp-json\/wp\/v2\/pages\/84","targetHints":{"allow":["GET"]}}],"collection":[{"href":"https:\/\/www.daf.uni-mannheim.de\/index.php\/wp-json\/wp\/v2\/pages"}],"about":[{"href":"https:\/\/www.daf.uni-mannheim.de\/index.php\/wp-json\/wp\/v2\/types\/page"}],"author":[{"embeddable":true,"href":"https:\/\/www.daf.uni-mannheim.de\/index.php\/wp-json\/wp\/v2\/users\/1"}],"replies":[{"embeddable":true,"href":"https:\/\/www.daf.uni-mannheim.de\/index.php\/wp-json\/wp\/v2\/comments?post=84"}],"version-history":[{"count":19,"href":"https:\/\/www.daf.uni-mannheim.de\/index.php\/wp-json\/wp\/v2\/pages\/84\/revisions"}],"predecessor-version":[{"id":2939,"href":"https:\/\/www.daf.uni-mannheim.de\/index.php\/wp-json\/wp\/v2\/pages\/84\/revisions\/2939"}],"wp:attachment":[{"href":"https:\/\/www.daf.uni-mannheim.de\/index.php\/wp-json\/wp\/v2\/media?parent=84"}],"curies":[{"name":"wp","href":"https:\/\/api.w.org\/{rel}","templated":true}]}}