{"id":90,"date":"2019-04-04T08:31:36","date_gmt":"2019-04-04T07:31:36","guid":{"rendered":"http:\/\/www.daf.uni-mannheim.de\/?page_id=90"},"modified":"2024-10-31T12:42:31","modified_gmt":"2024-10-31T11:42:31","slug":"fadaf","status":"publish","type":"page","link":"https:\/\/www.daf.uni-mannheim.de\/index.php\/fadaf\/","title":{"rendered":"FaDaF"},"content":{"rendered":"<p>[vc_row][vc_column][vc_column_text]<div class=\"super-hero-big-wrapper super-hero-spinning\" style=\"\"><div class=\"shs-spinner-wrapper\"><div class=\"shs-spinner\"><\/div><\/div><div id=\"slider-278\" class=\"super-hero-slider shs-carousel button-square navigation-center dark-on-light\" style=\"\"><div id=\"slide-278-279\" class=\"super-hero-slide full-width\" style=\"\"><a class=\"super-hero-link\" href=\"https:\/\/www.daf.uni-mannheim.de\/\"><div class=\"super-hero-image\"><img decoding=\"async\" src=\"https:\/\/www.daf.uni-mannheim.de\/wp-content\/uploads\/2019\/05\/Header_Infos-1024x200.jpg\"><\/div><!-- .super-hero-image --><\/a><\/div><!-- .super-hero-slide --><\/div><!-- .super-hero-slider --><\/div><!-- .big --><script>jQuery(document).ready(function($){var shs278 = $(\"#slider-278\");\r\n\t\t\tshs278.imagesLoaded(function(){\r\n\t\t\t\tshs278.superHeroSlider({theme:\"shs-theme\",baseClass:\"shs-carousel\",singleItem:true,addClassActive:true,transitionStyle:\"backSlide\",autoPlay:false,navigation:true,navigationText:[\"<span class='dashicons dashicons-arrow-left'><\/span>\",\"<span class='dashicons dashicons-arrow-right'><\/span>\"],pagination:false,beforeInit:function(el){\r\n\t\t\t\t\t\tvar slides = el.find(\".super-hero-slide\").length;\r\n\t\t\t\t\t},afterInit:function(el){\r\n\t\t\t\t\t\tvar currentItem = el.find(\".shs-item.active\");\r\n\t\t\t\t\t\tvar itemID = \"#\"+currentItem.find(\".super-hero-slide\").attr(\"ID\");\r\n\t\t\t\t\t\tcurrentItem.find(\".super-hero-caption-wrapper\").addClass(\"fadeIn animated\");\r\n\t\t\t\t\t\tvar currentCaption1 = currentItem.find(\".caption-1\");\r\n\t\t\t\t\t\tvar captionAnimation1 = currentCaption1.data(\"animation\");\r\n\t\t\t\t\t\tcurrentCaption1.addClass(captionAnimation1 + \" animated\");\r\n\t\t\t\t\t\tvar currentCaption2 = currentItem.find(\".caption-2\");\r\n\t\t\t\t\t\tvar captionAnimation2 = currentCaption2.data(\"animation\");\r\n\t\t\t\t\t\tcurrentCaption2.addClass(captionAnimation2 + \" animated\");\r\n\t\t\t\t\t\tvar currentCaption3 = currentItem.find(\".caption-3\");\r\n\t\t\t\t\t\tvar captionAnimation3 = currentCaption3.data(\"animation\");\r\n\t\t\t\t\t\tcurrentCaption3.addClass(captionAnimation3 + \" animated\");\r\n\t\t\t\t\t\t\/\/ Clear any styles\r\n\t\t\t\t\t\tshs_resize_slide( itemID, currentItem );\r\n\t\t\t\t\t},beforeMove:function(el){\r\n\t\t\t\t\t\tvar oldItem = el.find(\".shs-item.active\");\r\n\t\t\t\t\t\tvar itemID = \"#\"+oldItem.find(\".super-hero-slide\").attr(\"ID\");\r\n\t\t\t\t\t\toldItem.find(\".super-hero-caption-wrapper\").removeClass(\"fadeIn animated\");\r\n\t\t\t\t\t\tvar oldCaption1 = oldItem.find(\".caption-1\");\r\n\t\t\t\t\t\tvar oldCaption2 = oldItem.find(\".caption-2\");\r\n\t\t\t\t\t\tvar oldCaption3 = oldItem.find(\".caption-3\");\r\n\t\t\t\t\t\tvar captionAnimation1 = oldCaption1.data(\"animation\");\r\n\t\t\t\t\t\toldCaption1.removeClass(captionAnimation1);\r\n\t\t\t\t\t\toldCaption1.removeClass(\"animated\");\r\n\t\t\t\t\t\tvar captionAnimation2 = oldCaption2.data(\"animation\");\r\n\t\t\t\t\t\toldCaption2.removeClass(captionAnimation2);\r\n\t\t\t\t\t\toldCaption2.removeClass(\"animated\");\r\n\t\t\t\t\t\tvar captionAnimation3 = oldCaption3.data(\"animation\");\r\n\t\t\t\t\t\toldCaption3.removeClass(captionAnimation3);\r\n\t\t\t\t\t\toldCaption3.removeClass(\"animated\");\r\n\t\t\t\t\t\t\/\/ Remove any styles we might have added in afterMove\r\n\t\t\t\t\t\t$(itemID+\" .super-hero-image img\").removeAttr(\"style\");\r\n\t\t\t\t\t},afterMove:function(el){\r\n\t\t\t\t\t\tvar newItem = el.find(\".shs-item.active\");\r\n\t\t\t\t\t\tvar itemID = \"#\"+newItem.find(\".super-hero-slide\").attr(\"ID\");\r\n\t\t\t\t\t\tnewItem.find(\".super-hero-caption-wrapper\").addClass(\"fadeIn animated\").css(\"animation-duration\",5);\r\n\t\t\t\t\t\tvar newCaption1 = newItem.find(\".caption-1\");\r\n\t\t\t\t\t\tvar newAnimation1 = newCaption1.data(\"animation\");\r\n\t\t\t\t\t\tnewCaption1.addClass(newAnimation1 + \" animated\");\r\n\t\t\t\t\t\tvar newCaption2 = newItem.find(\".caption-2\");\r\n\t\t\t\t\t\tvar newAnimation2 = newCaption2.data(\"animation\");\r\n\t\t\t\t\t\tnewCaption2.addClass(newAnimation2 + \" animated\");\r\n\t\t\t\t\t\tvar newCaption3 = newItem.find(\".caption-3\");\r\n\t\t\t\t\t\tvar newAnimation3 = newCaption3.data(\"animation\");\r\n\t\t\t\t\t\tnewCaption3.addClass(newAnimation3 + \" animated\");\r\n\t\t\t\t\t\t\/\/ Clear any styles\r\n\t\t\t\t\t\tshs_resize_slide( itemID, newItem );\r\n\t\t\t\t\t},});\r\n\t\t\t\t$(\".super-hero-big-wrapper\").removeClass(\"super-hero-spinning\");\r\n\t\t\t\t$(\".shs-spinner\").fadeOut(150,function(){\r\n\t\t\t\t\t$(this).remove();\r\n\t\t\t\t});\r\n\t\t\t\t$(\"body\").addClass(\"shs-loaded\");\r\n\t\t\t});\r\n\t\t\t$(window).resize(function(){\r\n\t\t\t\tshs278.data(\"superHeroSlider\").destroy();\r\n\t\t\t\tshs278.superHeroSlider({theme:\"shs-theme\",baseClass:\"shs-carousel\",singleItem:true,addClassActive:true,transitionStyle:\"backSlide\",autoPlay:false,navigation:true,navigationText:[\"<span class='dashicons dashicons-arrow-left'><\/span>\",\"<span class='dashicons dashicons-arrow-right'><\/span>\"],pagination:false,beforeInit:function(el){\r\n\t\t\t\t\t\tvar slides = el.find(\".super-hero-slide\").length;\r\n\t\t\t\t\t},afterInit:function(el){\r\n\t\t\t\t\t\tvar currentItem = el.find(\".shs-item.active\");\r\n\t\t\t\t\t\tvar itemID = \"#\"+currentItem.find(\".super-hero-slide\").attr(\"ID\");\r\n\t\t\t\t\t\tcurrentItem.find(\".super-hero-caption-wrapper\").addClass(\"fadeIn animated\");\r\n\t\t\t\t\t\tvar currentCaption1 = currentItem.find(\".caption-1\");\r\n\t\t\t\t\t\tvar captionAnimation1 = currentCaption1.data(\"animation\");\r\n\t\t\t\t\t\tcurrentCaption1.addClass(captionAnimation1 + \" animated\");\r\n\t\t\t\t\t\tvar currentCaption2 = currentItem.find(\".caption-2\");\r\n\t\t\t\t\t\tvar captionAnimation2 = currentCaption2.data(\"animation\");\r\n\t\t\t\t\t\tcurrentCaption2.addClass(captionAnimation2 + \" animated\");\r\n\t\t\t\t\t\tvar currentCaption3 = currentItem.find(\".caption-3\");\r\n\t\t\t\t\t\tvar captionAnimation3 = currentCaption3.data(\"animation\");\r\n\t\t\t\t\t\tcurrentCaption3.addClass(captionAnimation3 + \" animated\");\r\n\t\t\t\t\t\t\/\/ Clear any styles\r\n\t\t\t\t\t\tshs_resize_slide( itemID, currentItem );\r\n\t\t\t\t\t},beforeMove:function(el){\r\n\t\t\t\t\t\tvar oldItem = el.find(\".shs-item.active\");\r\n\t\t\t\t\t\tvar itemID = \"#\"+oldItem.find(\".super-hero-slide\").attr(\"ID\");\r\n\t\t\t\t\t\toldItem.find(\".super-hero-caption-wrapper\").removeClass(\"fadeIn animated\");\r\n\t\t\t\t\t\tvar oldCaption1 = oldItem.find(\".caption-1\");\r\n\t\t\t\t\t\tvar oldCaption2 = oldItem.find(\".caption-2\");\r\n\t\t\t\t\t\tvar oldCaption3 = oldItem.find(\".caption-3\");\r\n\t\t\t\t\t\tvar captionAnimation1 = oldCaption1.data(\"animation\");\r\n\t\t\t\t\t\toldCaption1.removeClass(captionAnimation1);\r\n\t\t\t\t\t\toldCaption1.removeClass(\"animated\");\r\n\t\t\t\t\t\tvar captionAnimation2 = oldCaption2.data(\"animation\");\r\n\t\t\t\t\t\toldCaption2.removeClass(captionAnimation2);\r\n\t\t\t\t\t\toldCaption2.removeClass(\"animated\");\r\n\t\t\t\t\t\tvar captionAnimation3 = oldCaption3.data(\"animation\");\r\n\t\t\t\t\t\toldCaption3.removeClass(captionAnimation3);\r\n\t\t\t\t\t\toldCaption3.removeClass(\"animated\");\r\n\t\t\t\t\t\t\/\/ Remove any styles we might have added in afterMove\r\n\t\t\t\t\t\t$(itemID+\" .super-hero-image img\").removeAttr(\"style\");\r\n\t\t\t\t\t},afterMove:function(el){\r\n\t\t\t\t\t\tvar newItem = el.find(\".shs-item.active\");\r\n\t\t\t\t\t\tvar itemID = \"#\"+newItem.find(\".super-hero-slide\").attr(\"ID\");\r\n\t\t\t\t\t\tnewItem.find(\".super-hero-caption-wrapper\").addClass(\"fadeIn animated\").css(\"animation-duration\",5);\r\n\t\t\t\t\t\tvar newCaption1 = newItem.find(\".caption-1\");\r\n\t\t\t\t\t\tvar newAnimation1 = newCaption1.data(\"animation\");\r\n\t\t\t\t\t\tnewCaption1.addClass(newAnimation1 + \" animated\");\r\n\t\t\t\t\t\tvar newCaption2 = newItem.find(\".caption-2\");\r\n\t\t\t\t\t\tvar newAnimation2 = newCaption2.data(\"animation\");\r\n\t\t\t\t\t\tnewCaption2.addClass(newAnimation2 + \" animated\");\r\n\t\t\t\t\t\tvar newCaption3 = newItem.find(\".caption-3\");\r\n\t\t\t\t\t\tvar newAnimation3 = newCaption3.data(\"animation\");\r\n\t\t\t\t\t\tnewCaption3.addClass(newAnimation3 + \" animated\");\r\n\t\t\t\t\t\t\/\/ Clear any styles\r\n\t\t\t\t\t\tshs_resize_slide( itemID, newItem );\r\n\t\t\t\t\t},});\r\n\t\t\t});});<\/script>[\/vc_column_text][vc_row_inner el_class=&#8221;navrow&#8221;][vc_column_inner width=&#8221;1\/6&#8243;][\/vc_column_inner][vc_column_inner width=&#8221;2\/3&#8243;][vc_column_text]<div id=\"mega-menu-wrap-max_mega_menu_1\" class=\"mega-menu-wrap\"><div class=\"mega-menu-toggle\"><div class=\"mega-toggle-blocks-left\"><\/div><div class=\"mega-toggle-blocks-center\"><\/div><div class=\"mega-toggle-blocks-right\"><div class='mega-toggle-block mega-menu-toggle-block mega-toggle-block-1' id='mega-toggle-block-1' tabindex='0'><span class='mega-toggle-label' role='button' aria-expanded='false'><span class='mega-toggle-label-closed'>MENU<\/span><span class='mega-toggle-label-open'>MENU<\/span><\/span><\/div><\/div><\/div><ul id=\"mega-menu-max_mega_menu_1\" class=\"mega-menu max-mega-menu mega-menu-horizontal mega-no-js\" data-event=\"hover_intent\" data-effect=\"fade_up\" data-effect-speed=\"200\" data-effect-mobile=\"disabled\" data-effect-speed-mobile=\"0\" data-mobile-force-width=\"false\" data-second-click=\"go\" data-document-click=\"collapse\" data-vertical-behaviour=\"standard\" data-breakpoint=\"600\" data-unbind=\"true\" data-mobile-state=\"collapse_all\" data-mobile-direction=\"vertical\" data-hover-intent-timeout=\"300\" data-hover-intent-interval=\"100\"><li class=\"mega-menu-item mega-menu-item-type-custom mega-menu-item-object-custom mega-menu-item-home mega-menu-item-has-children mega-align-bottom-left mega-menu-flyout mega-menu-item-37 menu-item\" id=\"mega-menu-item-37\"><a class=\"mega-menu-link\" href=\"https:\/\/www.daf.uni-mannheim.de\/#angebot\" aria-expanded=\"false\" tabindex=\"0\">Deutschkurse<span class=\"mega-indicator\" aria-hidden=\"true\"><\/span><\/a>\n<ul class=\"mega-sub-menu\">\n<li class=\"mega-menu-item mega-menu-item-type-post_type mega-menu-item-object-page mega-menu-item-3510 menu-item\" id=\"mega-menu-item-3510\"><a class=\"mega-menu-link\" href=\"https:\/\/www.daf.uni-mannheim.de\/index.php\/intensivkurse\/\">Intensiv-Kurse<\/a><\/li><li class=\"mega-menu-item mega-menu-item-type-post_type mega-menu-item-object-page mega-menu-item-3110 menu-item\" id=\"mega-menu-item-3110\"><a class=\"mega-menu-link\" href=\"https:\/\/www.daf.uni-mannheim.de\/index.php\/telc\/\">telc<\/a><\/li><li class=\"mega-menu-item mega-menu-item-type-post_type mega-menu-item-object-page mega-menu-item-3198 menu-item\" id=\"mega-menu-item-3198\"><a class=\"mega-menu-link\" href=\"https:\/\/www.daf.uni-mannheim.de\/index.php\/dsh-kurse\/\">DSH-Kurse<\/a><\/li><li class=\"mega-menu-item mega-menu-item-type-post_type mega-menu-item-object-page mega-menu-item-3558 menu-item\" id=\"mega-menu-item-3558\"><a class=\"mega-menu-link\" href=\"https:\/\/www.daf.uni-mannheim.de\/index.php\/abendkurse\/\">Abendkurse<\/a><\/li><li class=\"mega-menu-item mega-menu-item-type-post_type mega-menu-item-object-page mega-menu-item-3607 menu-item\" id=\"mega-menu-item-3607\"><a class=\"mega-menu-link\" href=\"https:\/\/www.daf.uni-mannheim.de\/index.php\/winterakademie\/\">Winterakademie (IWA)<\/a><\/li><li class=\"mega-menu-item mega-menu-item-type-post_type mega-menu-item-object-page mega-menu-item-4312 menu-item\" id=\"mega-menu-item-4312\"><a class=\"mega-menu-link\" href=\"https:\/\/www.daf.uni-mannheim.de\/index.php\/sommerakademie-2\/\">Sommerakademie (ISA) im Juli<\/a><\/li><li class=\"mega-menu-item mega-menu-item-type-post_type mega-menu-item-object-page mega-menu-item-107 menu-item\" id=\"mega-menu-item-107\"><a class=\"mega-menu-link\" href=\"https:\/\/www.daf.uni-mannheim.de\/index.php\/sommerakademie\/\">Sommerakademie (ISA) im August<\/a><\/li><li class=\"mega-menu-item mega-menu-item-type-post_type mega-menu-item-object-page mega-menu-item-113 menu-item\" id=\"mega-menu-item-113\"><a class=\"mega-menu-link\" href=\"https:\/\/www.daf.uni-mannheim.de\/index.php\/sonderprogramme\/\">Individuelle Sonderprogramme<\/a><\/li><\/ul>\n<\/li><li class=\"mega-menu-item mega-menu-item-type-custom mega-menu-item-object-custom mega-menu-item-has-children mega-align-bottom-left mega-menu-flyout mega-menu-item-44 menu-item\" id=\"mega-menu-item-44\"><a class=\"mega-menu-link\" href=\"#\" aria-expanded=\"false\" tabindex=\"0\">Pr\u00fcfungen<span class=\"mega-indicator\" aria-hidden=\"true\"><\/span><\/a>\n<ul class=\"mega-sub-menu\">\n<li class=\"mega-menu-item mega-menu-item-type-post_type mega-menu-item-object-page mega-menu-item-3109 menu-item\" id=\"mega-menu-item-3109\"><a class=\"mega-menu-link\" href=\"https:\/\/www.daf.uni-mannheim.de\/index.php\/telc\/\">telc<\/a><\/li><li class=\"mega-menu-item mega-menu-item-type-post_type mega-menu-item-object-page mega-menu-item-3688 menu-item\" id=\"mega-menu-item-3688\"><a class=\"mega-menu-link\" href=\"https:\/\/www.daf.uni-mannheim.de\/index.php\/dsh\/\">DSH-Pr\u00fcfung<\/a><\/li><\/ul>\n<\/li><li class=\"mega-menu-item mega-menu-item-type-custom mega-menu-item-object-custom mega-menu-item-has-children mega-align-bottom-left mega-menu-flyout mega-menu-item-45 menu-item\" id=\"mega-menu-item-45\"><a class=\"mega-menu-link\" href=\"https:\/\/www.daf.uni-mannheim.de\/index.php\/infos\/\" aria-expanded=\"false\" tabindex=\"0\">Weitere Informationen<span class=\"mega-indicator\" aria-hidden=\"true\"><\/span><\/a>\n<ul class=\"mega-sub-menu\">\n<li class=\"mega-menu-item mega-menu-item-type-custom mega-menu-item-object-custom mega-menu-item-3690 menu-item\" id=\"mega-menu-item-3690\"><a class=\"mega-menu-link\" href=\"https:\/\/www.daf.uni-mannheim.de\/index.php\/infos\/#top\">\u00dcbersicht<\/a><\/li><li class=\"mega-menu-item mega-menu-item-type-custom mega-menu-item-object-custom mega-menu-item-3691 menu-item\" id=\"mega-menu-item-3691\"><a class=\"mega-menu-link\" href=\"https:\/\/www.daf.uni-mannheim.de\/index.php\/infos\/#mannheim\">Mannheim<\/a><\/li><li class=\"mega-menu-item mega-menu-item-type-custom mega-menu-item-object-custom mega-menu-item-3692 menu-item\" id=\"mega-menu-item-3692\"><a class=\"mega-menu-link\" href=\"https:\/\/www.daf.uni-mannheim.de\/index.php\/infos\/#visa\">Visa<\/a><\/li><li class=\"mega-menu-item mega-menu-item-type-custom mega-menu-item-object-custom mega-menu-item-3693 menu-item\" id=\"mega-menu-item-3693\"><a class=\"mega-menu-link\" href=\"https:\/\/www.daf.uni-mannheim.de\/index.php\/infos\/#accom\">Unterkunft<\/a><\/li><li class=\"mega-menu-item mega-menu-item-type-custom mega-menu-item-object-custom mega-menu-item-3694 menu-item\" id=\"mega-menu-item-3694\"><a class=\"mega-menu-link\" href=\"https:\/\/www.daf.uni-mannheim.de\/index.php\/infos\/#travel\">Anreise<\/a><\/li><li class=\"mega-menu-item mega-menu-item-type-custom mega-menu-item-object-custom mega-menu-item-3695 menu-item\" id=\"mega-menu-item-3695\"><a class=\"mega-menu-link\" href=\"https:\/\/www.daf.uni-mannheim.de\/index.php\/infos\/#map\">Lageplan<\/a><\/li><\/ul>\n<\/li><\/ul><\/div>[\/vc_column_text][\/vc_column_inner][vc_column_inner width=&#8221;1\/6&#8243;][\/vc_column_inner][\/vc_row_inner][\/vc_column][\/vc_row][vc_row][vc_column width=&#8221;1\/6&#8243;][\/vc_column][vc_column width=&#8221;2\/3&#8243;][vc_row_inner][vc_column_inner width=&#8221;1\/2&#8243;][vc_column_text]<\/p>\n<h2><strong>FaDaF GATE Konsortium<br \/>\n<\/strong><\/h2>\n<div id=\"content\">\n<div id=\"c1255\" class=\"csc-default\">\n<p class=\"bodytext\">Der gemeinn\u00fctzige Fachverband Deutsch als Fremd- und Zweitsprache (FaDaF e.V.) ist der bedeutendste Zusammenschluss der in Lehre und Forschung Deutsch als Fremd- bzw. Zweitsprache t\u00e4tigen Institutionen und Einzelpersonen in der Bundesrepublik Deutschland.<\/p>\n<p class=\"bodytext\"><\/div>\n<div id=\"banner\"><\/div>\n<\/div>\n<p>[\/vc_column_text][\/vc_column_inner][vc_column_inner width=&#8221;1\/2&#8243;][vc_column_text]<\/p>\n<h1><\/h1>\n<h2><\/h2>\n<p class=\"bodytext\">FaDaF e.V. arbeitet mit zahlreichen \u00f6ffentlichen Institutionen wie dem Deutschen Akademischen Austauschdienst (DAAD) oder der Hochschulrektorenkonferenz (HRK) zusammen und f\u00fchrt die Fachaufsicht \u00fcber die DSH, die Deutsche Sprachpr\u00fcfung f\u00fcr den Hochschulzugang.<\/p>\n<p class=\"bodytext\">Weitere Informationen zum FaDaF finden Sie hier: <a href=\"http:\/\/www.uni-german.de\/de\/\" target=\"_blank\" rel=\"noopener\">www.uni-german.de\/de\/<\/a><\/p>\n<p>[\/vc_column_text][\/vc_column_inner][\/vc_row_inner][vc_separator border_width=&#8221;4&#8243;][\/vc_column][vc_column width=&#8221;1\/6&#8243;][\/vc_column][\/vc_row][vc_row][vc_column width=&#8221;1\/6&#8243;][\/vc_column][vc_column width=&#8221;2\/3&#8243; el_class=&#8221;vc_col-sm-10&#8243;][vc_column_text]<\/p>\n<h2>Weiterf\u00fchrende Links<\/h2>\n<ul>\n<li>Aachen: <a href=\"http:\/\/www.uni-german.de\/de\/fadaf-kursanbieter\/sprachenakademie-aachen\/\" target=\"_blank\" rel=\"noopener\">Sprachenakademie Aachen gGmbh<\/a><\/li>\n<li>Berlin: <a href=\"http:\/\/www.uni-german.de\/de\/fadaf-kursanbieter\/iik-berlinerid-institut-fuer-internationale-kommunikation-e-v\/\" target=\"_blank\" rel=\"noopener\">IIK berliner ID \/ Institut f\u00fcr Internationale Kommunikation e.V. Berlin<\/a><\/li>\n<li>D\u00fcsseldorf: <a href=\"http:\/\/www.uni-german.de\/de\/fadaf-kursanbieter\/iik-duesseldorf-e-v\/\" target=\"_blank\" rel=\"noopener\">IIK \u2013 Institut f\u00fcr Internationale Kommunikation e.V. D\u00fcsseldorf<\/a><\/li>\n<li>Hamburg: <a href=\"http:\/\/www.uni-german.de\/de\/fadaf-kursanbieter\/interkulturelle-bildung-hamburg\/\" target=\"_blank\" rel=\"noopener\">IBH \u2013 Interkulturelle Bildung Hamburg e.V.<\/a><\/li>\n<li>Hannover: <a href=\"http:\/\/www.uni-german.de\/de\/fadaf-kursanbieter\/isk-institut-fuer-sprachen-und-kommunikation-hannover\/\" target=\"_blank\" rel=\"noopener\">ISK \u2013 Institut f\u00fcr Sprachen und Kommunikation Hannover e.V.<\/a><\/li>\n<li>Mannheim: <a href=\"http:\/\/www.uni-german.de\/de\/fadaf-kursanbieter\/universitaet-mannheim\/\" target=\"_blank\" rel=\"noopener\">Universit\u00e4t Mannheim Service und Marketing GmbH<\/a><\/li>\n<li>M\u00fcnchen: <a href=\"http:\/\/www.uni-german.de\/de\/deutschkursebei-der-universitaet-muenchen-e-v\/\" target=\"_blank\" rel=\"noopener\">Deutschkurse bei der Universit\u00e4t M\u00fcnchen e.V.<\/a><\/li>\n<li>Stuttgart: <a href=\"http:\/\/www.uni-german.de\/de\/fadaf-kursanbieter\/deutschkolleg-stuttgart\/\" target=\"_blank\" rel=\"noopener\">Deutschkolleg Stuttgart e.V.<\/a><\/li>\n<\/ul>\n<p>[\/vc_column_text][vc_single_image image=&#8221;63&#8243; img_size=&#8221;full&#8221; alignment=&#8221;center&#8221;][\/vc_column][vc_column width=&#8221;1\/6&#8243; el_class=&#8221;vc_col-sm-1&#8243;][\/vc_column][\/vc_row][vc_row css=&#8221;.vc_custom_1545098255217{background-color: #ebebeb !important;}&#8221;][vc_column width=&#8221;1\/6&#8243;][\/vc_column][vc_column width=&#8221;2\/3&#8243;][vc_row_inner][vc_column_inner width=&#8221;1\/3&#8243;][vc_column_text]<\/p>\n<h2>Allgemeines<\/h2>\n<p><a href=\"http:\/\/www.daf.uni-mannheim.de\/index.php\/kontakt\/\">Kontakt<\/a><br \/>\n<a href=\"http:\/\/www.daf.uni-mannheim.de\/index.php\/faqs\/\">FAQs<\/a><br \/>\n<a href=\"http:\/\/www.daf.uni-mannheim.de\/index.php\/visa\/\">Infos zum Visum<\/a><br \/>\n<a href=\"http:\/\/www.daf.uni-mannheim.de\/index.php\/lageplan\/\">Lageplan<\/a><br \/>\n<a href=\"http:\/\/www.daf.uni-mannheim.de\/index.php\/bankverbindung\/\">Bankverbindung<\/a><br \/>\n<a href=\"http:\/\/www.service.uni-mannheim.de\/index.php\/datenschutz\/\" target=\"_blank\" rel=\"noopener\">Datenschutz<\/a><br \/>\n<a href=\"https:\/\/www.daf.uni-mannheim.de\/index.php\/agb\/\">AGB<\/a><br \/>\n<a href=\"http:\/\/www.daf.uni-mannheim.de\/index.php\/impressum\/\">Impressum<\/a>[\/vc_column_text][\/vc_column_inner][vc_column_inner width=&#8221;1\/3&#8243;][vc_column_text]<\/p>\n<h2>Pr\u00fcfungen<\/h2>\n<p><a href=\"http:\/\/www.daf.uni-mannheim.de\/index.php\/dsh\/\">DSH<\/a><br \/>\n<a href=\"http:\/\/www.daf.uni-mannheim.de\/index.php\/telc\/\">telc<\/a><br \/>\n<a href=\"http:\/\/www.daf.uni-mannheim.de\/index.php\/testdaf\/\">TestDaF<\/a>[\/vc_column_text][\/vc_column_inner][vc_column_inner width=&#8221;1\/3&#8243;][vc_column_text]<\/p>\n<h2>Deutschkurse<\/h2>\n<p><a href=\"http:\/\/www.daf.uni-mannheim.de\/index.php\/intensivkurse\/\">Intensivkurse<\/a><br \/>\n<a href=\"http:\/\/www.daf.uni-mannheim.de\/index.php\/dshkurse\/\">DSH<\/a><br \/>\n<a href=\"http:\/\/www.daf.uni-mannheim.de\/index.php\/sommerakademie\/\">Sommerakademie<\/a><br \/>\n<a href=\"http:\/\/www.daf.uni-mannheim.de\/index.php\/winterakademie\/\">Winterakademie<\/a><br \/>\n<a href=\"http:\/\/www.daf.uni-mannheim.de\/index.php\/sonderprogramme\/\">Sonderprogramme<\/a><br \/>\n<a href=\"http:\/\/www.daf.uni-mannheim.de\/index.php\/abendkurse\/\">Abendkurse f\u00fcr Akademiker<\/a>[\/vc_column_text][\/vc_column_inner][\/vc_row_inner][\/vc_column][vc_column width=&#8221;1\/6&#8243;][\/vc_column][\/vc_row]<\/p>\n","protected":false},"excerpt":{"rendered":"<p>[vc_row][vc_column][vc_column_text][\/vc_column_text][vc_row_inner el_class=&#8221;navrow&#8221;][vc_column_inner width=&#8221;1\/6&#8243;][\/vc_column_inner][vc_column_inner width=&#8221;2\/3&#8243;][vc_column_text][\/vc_column_text][\/vc_column_inner][vc_column_inner width=&#8221;1\/6&#8243;][\/vc_column_inner][\/vc_row_inner][\/vc_column][\/vc_row][vc_row][vc_column width=&#8221;1\/6&#8243;][\/vc_column][vc_column width=&#8221;2\/3&#8243;][vc_row_inner][vc_column_inner width=&#8221;1\/2&#8243;][vc_column_text] FaDaF GATE Konsortium Der gemeinn\u00fctzige Fachverband Deutsch als Fremd- und Zweitsprache (FaDaF e.V.) ist der bedeutendste Zusammenschluss der in Lehre und Forschung Deutsch als Fremd- bzw. Zweitsprache t\u00e4tigen Institutionen und Einzelpersonen in der Bundesrepublik Deutschland. [\/vc_column_text][\/vc_column_inner][vc_column_inner width=&#8221;1\/2&#8243;][vc_column_text] FaDaF e.V. arbeitet mit zahlreichen \u00f6ffentlichen Institutionen wie dem Deutschen [&hellip;]<\/p>\n","protected":false},"author":1,"featured_media":0,"parent":0,"menu_order":0,"comment_status":"closed","ping_status":"closed","template":"page-fullwidth.php","meta":{"footnotes":""},"class_list":["post-90","page","type-page","status-publish","hentry"],"post_mailing_queue_ids":[],"_links":{"self":[{"href":"https:\/\/www.daf.uni-mannheim.de\/index.php\/wp-json\/wp\/v2\/pages\/90","targetHints":{"allow":["GET"]}}],"collection":[{"href":"https:\/\/www.daf.uni-mannheim.de\/index.php\/wp-json\/wp\/v2\/pages"}],"about":[{"href":"https:\/\/www.daf.uni-mannheim.de\/index.php\/wp-json\/wp\/v2\/types\/page"}],"author":[{"embeddable":true,"href":"https:\/\/www.daf.uni-mannheim.de\/index.php\/wp-json\/wp\/v2\/users\/1"}],"replies":[{"embeddable":true,"href":"https:\/\/www.daf.uni-mannheim.de\/index.php\/wp-json\/wp\/v2\/comments?post=90"}],"version-history":[{"count":13,"href":"https:\/\/www.daf.uni-mannheim.de\/index.php\/wp-json\/wp\/v2\/pages\/90\/revisions"}],"predecessor-version":[{"id":2986,"href":"https:\/\/www.daf.uni-mannheim.de\/index.php\/wp-json\/wp\/v2\/pages\/90\/revisions\/2986"}],"wp:attachment":[{"href":"https:\/\/www.daf.uni-mannheim.de\/index.php\/wp-json\/wp\/v2\/media?parent=90"}],"curies":[{"name":"wp","href":"https:\/\/api.w.org\/{rel}","templated":true}]}}